{"id":95,"date":"2018-08-22T13:15:54","date_gmt":"2018-08-22T13:15:54","guid":{"rendered":"http:\/\/vps199507.ovh.net\/?page_id=95"},"modified":"2018-12-18T09:06:11","modified_gmt":"2018-12-18T09:06:11","slug":"o-nas","status":"publish","type":"page","link":"https:\/\/www.pi.org.pl\/index.php\/pl\/o-nas\/","title":{"rendered":"O nas"},"content":{"rendered":"<p style=\"text-align: justify;\">Fundacja Platforma Innowacji to miejsce \u0142\u0105czenia ludzi, pomys\u0142\u00f3w i biznesu. W naszej organizacji wierzymy, ze innowacje s\u0105 wynikiem interakcji os\u00f3b z r\u00f3\u017cnorodnych \u015brodowisk oraz wymiany pomys\u0142\u00f3w, do\u015bwiadcze\u0144 i inspiracji. Zadajemy sobie jednocze\u015bnie spraw\u0119, \u017ce innowacje wymagaj\u0105 ca\u0142ego dzia\u0142aj\u0105cego ekosystemu tworzonego wsp\u00f3lnie przez przedsi\u0119biorstwa, kapita\u0142a prywatny, fundusze publiczne i o\u015brodki naukowe. Jako niezale\u017cny, niekomercyjny podmiot tworzymy taki ekosystem \u0142\u0105cz\u0105c inicjatywy publiczne i prywatne w Polsce, Unii Europejskiej i Izraelu.<\/p>\n","protected":false},"excerpt":{"rendered":"<p>Fundacja Platforma Innowacji to miejsce \u0142\u0105czenia ludzi, pomys\u0142\u00f3w i biznesu. W naszej organizacji wierzymy, ze innowacje s\u0105 wynikiem interakcji os\u00f3b<\/p>\n","protected":false},"author":1,"featured_media":0,"parent":0,"menu_order":0,"comment_status":"closed","ping_status":"closed","template":"","meta":{"footnotes":""},"class_list":["post-95","page","type-page","status-publish","hentry"],"_links":{"self":[{"href":"https:\/\/www.pi.org.pl\/index.php\/wp-json\/wp\/v2\/pages\/95","targetHints":{"allow":["GET"]}}],"collection":[{"href":"https:\/\/www.pi.org.pl\/index.php\/wp-json\/wp\/v2\/pages"}],"about":[{"href":"https:\/\/www.pi.org.pl\/index.php\/wp-json\/wp\/v2\/types\/page"}],"author":[{"embeddable":true,"href":"https:\/\/www.pi.org.pl\/index.php\/wp-json\/wp\/v2\/users\/1"}],"replies":[{"embeddable":true,"href":"https:\/\/www.pi.org.pl\/index.php\/wp-json\/wp\/v2\/comments?post=95"}],"version-history":[{"count":3,"href":"https:\/\/www.pi.org.pl\/index.php\/wp-json\/wp\/v2\/pages\/95\/revisions"}],"predecessor-version":[{"id":449,"href":"https:\/\/www.pi.org.pl\/index.php\/wp-json\/wp\/v2\/pages\/95\/revisions\/449"}],"wp:attachment":[{"href":"https:\/\/www.pi.org.pl\/index.php\/wp-json\/wp\/v2\/media?parent=95"}],"curies":[{"name":"wp","href":"https:\/\/api.w.org\/{rel}","templated":true}]}}