{"id":450,"date":"2018-12-18T09:17:59","date_gmt":"2018-12-18T09:17:59","guid":{"rendered":"https:\/\/www.pi.org.pl\/?page_id=450"},"modified":"2018-12-18T09:30:37","modified_gmt":"2018-12-18T09:30:37","slug":"ochrona-danych-osobowych","status":"publish","type":"page","link":"https:\/\/www.pi.org.pl\/index.php\/pl\/ochrona-danych-osobowych\/","title":{"rendered":"Ochrona danych osobowych"},"content":{"rendered":"<p style=\"text-align: justify;\">W dniu 25 maja 2018 r.\u00a0zacz\u0119\u0142o obowi\u0105zywa\u0107 Rozporz\u0105dzenie Parlamentu Europejskiego\u00a0i Rady (UE) 2016\/679 z dnia 27 kwietnia 2016 r. w sprawie ochrony os\u00f3b fizycznych w zwi\u0105zku\u00a0z przetwarzaniem danych osobowych i w sprawie swobodnego przep\u0142ywu takich danych oraz uchylenia dyrektywy 95\/46\/WE tzw. RODO, kt\u00f3rego g\u0142\u00f3wnym celem jest unowocze\u015bnienie regulacji dotycz\u0105cych ochrony danych osobowych obowi\u0105zuj\u0105cych na terenie Unii Europejskiej.<\/p>\n<p style=\"text-align: justify;\">Korzystanie z naszych us\u0142ug nie wymaga podania danych osobowych; w szczeg\u00f3lno\u015bci powstrzymanie si\u0119 od\u00a0podania danych osobowych nie ogranicza zakresu dost\u0119pnych funkcjonalno\u015bci.<\/p>\n<p style=\"text-align: justify;\">W przypadku ca\u0142kowicie dobrowolnego przekazania danych osobowych w trakcie korzystania z naszych us\u0142ug pragniemy poinformowa\u0107, \u017ce wszystkie nasze procedury zwi\u0105zane z ochron\u0105 danych osobowych s\u0105\u00a0zgodne z wytycznymi RODO. Zapewniamy r\u00f3wnie\u017c, \u017ce wszelkie podane przez Pa\u0144stwa dane osobowe przetwarzane w Fundacji s\u0105 bezpieczne.\u00a0Administratorem Danych Osobowych jest Fundacja Platforma Innowacji z siedzib\u0105 w Warszawie, przy ul. <span lang=\"EN-US\">Alternatywy 1\/31<\/span>, 02-775 Warszawa, wpisana do rejestru stowarzysze\u0144, innych organizacji spo\u0142ecznych i\u00a0zawodowych, fundacji oraz samodzielnych publicznych zak\u0142ad\u00f3w opieki zdrowotnej, prowadzonego przez S\u0105d Rejonowy dla m. st. Warszawy w\u00a0Warszawie, XIII Wydzia\u0142 Gospodarczy Krajowego Rejestru S\u0105dowego pod numerem KRS <span lang=\"EN-US\">0000579477<\/span>, NIP <span lang=\"EN-US\">951-239-92-63<\/span>, REGON <span lang=\"EN-US\">362713372<\/span>).<\/p>\n<p style=\"text-align: justify;\">We wszystkich sprawach zwi\u0105zanych z przetwarzaniem danych osobowych oraz w sprawach dotycz\u0105cych realizacji praw zwi\u0105zanych z przetwarzaniem danych osobowych mog\u0105 Pa\u0144stwo kontaktowa\u0107 si\u0119 z Fundacj\u0105 pod wskazanym adresem e-mail:\u00a0<span lang=\"EN-US\">contact@pi.org.pl<\/span><\/p>\n<p style=\"text-align: justify;\">Ponadto, przys\u0142uguje Pa\u0144stwu prawo \u017c\u0105dania dost\u0119pu do danych osobowych dotycz\u0105cych Pa\u0144stwa osoby, ich sprostowania, usuni\u0119cia lub ograniczenia przetwarzania oraz prawo do wniesienia sprzeciwu wobec przetwarzania, a tak\u017ce prawo do przenoszenia danych. Maj\u0105 Pa\u0144stwo r\u00f3wnie\u017c prawo do cofni\u0119cia wyra\u017conej zgody w dowolnym momencie. Powy\u017csze nie wp\u0142ywa na zgodno\u015b\u0107 z prawem przetwarzania, kt\u00f3rego dokonano na podstawie wyra\u017conej przez Pa\u0144stwa zgody przed jej cofni\u0119ciem.<\/p>\n<p style=\"text-align: justify;\">Dodatkowo, przys\u0142uguje Pa\u0144stwu prawo do z\u0142o\u017cenia skargi do organu nadzorczego, kt\u00f3rym jest Prezes Urz\u0119du Ochrony Danych Osobowych.<\/p>\n","protected":false},"excerpt":{"rendered":"<p>W dniu 25 maja 2018 r.\u00a0zacz\u0119\u0142o obowi\u0105zywa\u0107 Rozporz\u0105dzenie Parlamentu Europejskiego\u00a0i Rady (UE) 2016\/679 z dnia 27 kwietnia 2016 r. w<\/p>\n","protected":false},"author":1,"featured_media":0,"parent":0,"menu_order":0,"comment_status":"closed","ping_status":"closed","template":"","meta":{"footnotes":""},"class_list":["post-450","page","type-page","status-publish","hentry"],"_links":{"self":[{"href":"https:\/\/www.pi.org.pl\/index.php\/wp-json\/wp\/v2\/pages\/450","targetHints":{"allow":["GET"]}}],"collection":[{"href":"https:\/\/www.pi.org.pl\/index.php\/wp-json\/wp\/v2\/pages"}],"about":[{"href":"https:\/\/www.pi.org.pl\/index.php\/wp-json\/wp\/v2\/types\/page"}],"author":[{"embeddable":true,"href":"https:\/\/www.pi.org.pl\/index.php\/wp-json\/wp\/v2\/users\/1"}],"replies":[{"embeddable":true,"href":"https:\/\/www.pi.org.pl\/index.php\/wp-json\/wp\/v2\/comments?post=450"}],"version-history":[{"count":4,"href":"https:\/\/www.pi.org.pl\/index.php\/wp-json\/wp\/v2\/pages\/450\/revisions"}],"predecessor-version":[{"id":454,"href":"https:\/\/www.pi.org.pl\/index.php\/wp-json\/wp\/v2\/pages\/450\/revisions\/454"}],"wp:attachment":[{"href":"https:\/\/www.pi.org.pl\/index.php\/wp-json\/wp\/v2\/media?parent=450"}],"curies":[{"name":"wp","href":"https:\/\/api.w.org\/{rel}","templated":true}]}}