{"id":266,"date":"2018-08-22T19:48:40","date_gmt":"2018-08-22T19:48:40","guid":{"rendered":"http:\/\/vps199507.ovh.net\/?page_id=266"},"modified":"2018-08-22T19:48:40","modified_gmt":"2018-08-22T19:48:40","slug":"misja","status":"publish","type":"page","link":"https:\/\/www.pi.org.pl\/index.php\/pl\/misja\/","title":{"rendered":"Misja"},"content":{"rendered":"<p style=\"text-align: justify;\">Zapewnienie budowy w Polsce nowoczesnej gospodarki opartej na wiedzy poprzez propagowanie i wspieranie przedsi\u0119wzi\u0119\u0107 o charakterze innowacyjnym oraz inspiracj\u0119 dzia\u0142a\u0144 i my\u015blenia pro-innowacyjnego w harmonijnej wsp\u00f3\u0142pracy ze spo\u0142ecze\u0144stwami Zjednoczonej Europy i Izraela.<\/p>\n","protected":false},"excerpt":{"rendered":"<p>Zapewnienie budowy w Polsce nowoczesnej gospodarki opartej na wiedzy poprzez propagowanie i wspieranie przedsi\u0119wzi\u0119\u0107 o charakterze innowacyjnym oraz inspiracj\u0119 dzia\u0142a\u0144<\/p>\n","protected":false},"author":1,"featured_media":0,"parent":0,"menu_order":0,"comment_status":"closed","ping_status":"closed","template":"","meta":{"footnotes":""},"class_list":["post-266","page","type-page","status-publish","hentry"],"_links":{"self":[{"href":"https:\/\/www.pi.org.pl\/index.php\/wp-json\/wp\/v2\/pages\/266","targetHints":{"allow":["GET"]}}],"collection":[{"href":"https:\/\/www.pi.org.pl\/index.php\/wp-json\/wp\/v2\/pages"}],"about":[{"href":"https:\/\/www.pi.org.pl\/index.php\/wp-json\/wp\/v2\/types\/page"}],"author":[{"embeddable":true,"href":"https:\/\/www.pi.org.pl\/index.php\/wp-json\/wp\/v2\/users\/1"}],"replies":[{"embeddable":true,"href":"https:\/\/www.pi.org.pl\/index.php\/wp-json\/wp\/v2\/comments?post=266"}],"version-history":[{"count":1,"href":"https:\/\/www.pi.org.pl\/index.php\/wp-json\/wp\/v2\/pages\/266\/revisions"}],"predecessor-version":[{"id":267,"href":"https:\/\/www.pi.org.pl\/index.php\/wp-json\/wp\/v2\/pages\/266\/revisions\/267"}],"wp:attachment":[{"href":"https:\/\/www.pi.org.pl\/index.php\/wp-json\/wp\/v2\/media?parent=266"}],"curies":[{"name":"wp","href":"https:\/\/api.w.org\/{rel}","templated":true}]}}