{"id":238,"date":"2018-08-22T19:02:21","date_gmt":"2018-08-22T19:02:21","guid":{"rendered":"http:\/\/vps199507.ovh.net\/?page_id=238"},"modified":"2018-08-22T19:02:21","modified_gmt":"2018-08-22T19:02:21","slug":"dla-przedstawicieli-wladzy-publicznej-i-organizacji-spolecznych","status":"publish","type":"page","link":"https:\/\/www.pi.org.pl\/index.php\/pl\/dla-przedstawicieli-wladzy-publicznej-i-organizacji-spolecznych\/","title":{"rendered":"Dla przedstawicieli w\u0142adzy publicznej i organizacji spo\u0142ecznych"},"content":{"rendered":"<p style=\"text-align: justify;\">Jeste\u015bmy przekonani, ze innowacyjne spo\u0142ecze\u0144stwo i gospodarka stanowi\u0105 klucz do rozwoju Polski w XXI wieku. Dlatego r\u00f3wnie\u017c anga\u017cujemy si\u0119 w promocj\u0119 innowacyjnych projekt\u00f3w biznesowych pozwalaj\u0105cych czerpa\u0107 z bogatych do\u015bwiadcze\u0144 Unii Europejskiej i Izraela w tym zakresie.<\/p>\n<p style=\"text-align: justify;\">R\u00f3wnocze\u015bnie wierzymy, ze konieczna jest promocja innowacyjnego my\u015blenia w polskim spo\u0142ecze\u0144stwie wszelkimi dost\u0119pnymi kana\u0142ami. Anga\u017cujemy si\u0119 wi\u0119c we wsp\u00f3\u0142prac\u0119 z r\u00f3\u017cnorodnymi organizacjami spo\u0142ecznymi oraz podmiotami administracji publicznej w celu realizacji wsp\u00f3lnego programu dzia\u0142a\u0144 w tym obszarze.<\/p>\n<p style=\"text-align: justify;\">Je\u015bli dzia\u0142asz na rzecz promocji innowacji, reprezentujesz fundacje, stowarzyszenia, inne organizacje spo\u0142eczne lub podmioty administracje publicznej zainteresowane wsp\u00f3\u0142prac\u0105, proponujemy po\u0142\u0105czenie naszych si\u0142; ch\u0119tnie dzielimy si\u0119 nasz\u0105 wiedz\u0105 i do\u015bwiadczeniem oraz korzystamy z kreatywno\u015bci ludzi wsp\u00f3\u0142dziel\u0105cych z nami pasje i warto\u015bci, a dzia\u0142aj\u0105cych poza sektorem komercyjnym.<\/p>\n","protected":false},"excerpt":{"rendered":"<p>Jeste\u015bmy przekonani, ze innowacyjne spo\u0142ecze\u0144stwo i gospodarka stanowi\u0105 klucz do rozwoju Polski w XXI wieku. Dlatego r\u00f3wnie\u017c anga\u017cujemy si\u0119 w<\/p>\n","protected":false},"author":1,"featured_media":0,"parent":0,"menu_order":0,"comment_status":"closed","ping_status":"closed","template":"","meta":{"footnotes":""},"class_list":["post-238","page","type-page","status-publish","hentry"],"_links":{"self":[{"href":"https:\/\/www.pi.org.pl\/index.php\/wp-json\/wp\/v2\/pages\/238","targetHints":{"allow":["GET"]}}],"collection":[{"href":"https:\/\/www.pi.org.pl\/index.php\/wp-json\/wp\/v2\/pages"}],"about":[{"href":"https:\/\/www.pi.org.pl\/index.php\/wp-json\/wp\/v2\/types\/page"}],"author":[{"embeddable":true,"href":"https:\/\/www.pi.org.pl\/index.php\/wp-json\/wp\/v2\/users\/1"}],"replies":[{"embeddable":true,"href":"https:\/\/www.pi.org.pl\/index.php\/wp-json\/wp\/v2\/comments?post=238"}],"version-history":[{"count":1,"href":"https:\/\/www.pi.org.pl\/index.php\/wp-json\/wp\/v2\/pages\/238\/revisions"}],"predecessor-version":[{"id":239,"href":"https:\/\/www.pi.org.pl\/index.php\/wp-json\/wp\/v2\/pages\/238\/revisions\/239"}],"wp:attachment":[{"href":"https:\/\/www.pi.org.pl\/index.php\/wp-json\/wp\/v2\/media?parent=238"}],"curies":[{"name":"wp","href":"https:\/\/api.w.org\/{rel}","templated":true}]}}