{"id":234,"date":"2018-08-22T19:00:46","date_gmt":"2018-08-22T19:00:46","guid":{"rendered":"http:\/\/vps199507.ovh.net\/?page_id=234"},"modified":"2018-08-22T19:00:46","modified_gmt":"2018-08-22T19:00:46","slug":"dla-instytucji-naukowych-i-placowek-badawczych","status":"publish","type":"page","link":"https:\/\/www.pi.org.pl\/index.php\/pl\/dla-instytucji-naukowych-i-placowek-badawczych\/","title":{"rendered":"Dla instytucji naukowych i plac\u00f3wek badawczych"},"content":{"rendered":"<p style=\"text-align: justify;\">Opracowanie i efektywne wdro\u017cenie innowacyjnych rozwi\u0105za\u0144 wymaga bliskiego wsp\u00f3\u0142dzia\u0142ania biznesu i nauki. Wiemy z do\u015bwiadczenia, ze tego typu wsp\u00f3\u0142praca wymaga odpowiednich mechanizm\u00f3w, sk\u0142adaj\u0105cych si\u0119 na kompletnych ekosystem, aby mog\u0142a przynie\u015b\u0107 zamierzone rezultaty.<\/p>\n<p style=\"text-align: justify;\">Udost\u0119pniamy efektywne kana\u0142y prezentacji nowych koncepcji i mo\u017cliwo\u015bci badawczych \u015brodowiskom biznesowym zainteresowanym okre\u015blonymi rodzajami technologii. Wspieramy naukowc\u00f3w i przedsi\u0119biorc\u00f3w w prowadzeniu dialogu innowacyjnego i przekszta\u0142caniu pomys\u0142\u00f3w w konkretne rozwi\u0105zania i inicjatywy biznesowe \u2013 umo\u017cliwiamy podmiotom naukowym komercjalizacj\u0119 prowadzonych bada\u0144 i opracowywanych technologii.<\/p>\n","protected":false},"excerpt":{"rendered":"<p>Opracowanie i efektywne wdro\u017cenie innowacyjnych rozwi\u0105za\u0144 wymaga bliskiego wsp\u00f3\u0142dzia\u0142ania biznesu i nauki. Wiemy z do\u015bwiadczenia, ze tego typu wsp\u00f3\u0142praca wymaga<\/p>\n","protected":false},"author":1,"featured_media":0,"parent":0,"menu_order":0,"comment_status":"closed","ping_status":"closed","template":"","meta":{"footnotes":""},"class_list":["post-234","page","type-page","status-publish","hentry"],"_links":{"self":[{"href":"https:\/\/www.pi.org.pl\/index.php\/wp-json\/wp\/v2\/pages\/234","targetHints":{"allow":["GET"]}}],"collection":[{"href":"https:\/\/www.pi.org.pl\/index.php\/wp-json\/wp\/v2\/pages"}],"about":[{"href":"https:\/\/www.pi.org.pl\/index.php\/wp-json\/wp\/v2\/types\/page"}],"author":[{"embeddable":true,"href":"https:\/\/www.pi.org.pl\/index.php\/wp-json\/wp\/v2\/users\/1"}],"replies":[{"embeddable":true,"href":"https:\/\/www.pi.org.pl\/index.php\/wp-json\/wp\/v2\/comments?post=234"}],"version-history":[{"count":1,"href":"https:\/\/www.pi.org.pl\/index.php\/wp-json\/wp\/v2\/pages\/234\/revisions"}],"predecessor-version":[{"id":235,"href":"https:\/\/www.pi.org.pl\/index.php\/wp-json\/wp\/v2\/pages\/234\/revisions\/235"}],"wp:attachment":[{"href":"https:\/\/www.pi.org.pl\/index.php\/wp-json\/wp\/v2\/media?parent=234"}],"curies":[{"name":"wp","href":"https:\/\/api.w.org\/{rel}","templated":true}]}}