{"id":230,"date":"2018-08-22T18:59:13","date_gmt":"2018-08-22T18:59:13","guid":{"rendered":"http:\/\/vps199507.ovh.net\/?page_id=230"},"modified":"2018-08-22T18:59:13","modified_gmt":"2018-08-22T18:59:13","slug":"dla-dysponentow-srodkow-publicznych","status":"publish","type":"page","link":"https:\/\/www.pi.org.pl\/index.php\/pl\/dla-dysponentow-srodkow-publicznych\/","title":{"rendered":"Dla dysponent\u00f3w \u015brodk\u00f3w publicznych"},"content":{"rendered":"<p style=\"text-align: justify;\">Platforma Innowacji jest miejscem, w kt\u00f3rym zbieramy informacje o najciekawszych projektach innowacyjnych \u2013 tym samym umo\u017cliwiamy dotarcie do grup docelowych potencjalnych beneficjent\u00f3w program\u00f3w dystrybucji publicznych. Dzi\u0119ki informacjom udost\u0119pnianym przez Platform\u0119 Innowacji wzrasta skuteczno\u015b\u0107 wydatkowania ro\u017cnego rodzaju funduszy maj\u0105cych na celu finansowanie innowacyjnych przedsi\u0119wzi\u0119\u0107; mo\u017cliwe jest uzyskiwanie dodatkowych synergii dzi\u0119ki \u0142\u0105czeniu r\u00f3\u017cnych \u017ar\u00f3de\u0142 finansowania i wsp\u00f3\u0142pracy r\u00f3\u017cnorodnych podmiot\u00f3w. Dost\u0119p do wspomnianych informacji mo\u017cliwy jest w formie on-line dzi\u0119ki naszemu systemowi iPlatforma.<\/p>\n","protected":false},"excerpt":{"rendered":"<p>Platforma Innowacji jest miejscem, w kt\u00f3rym zbieramy informacje o najciekawszych projektach innowacyjnych \u2013 tym samym umo\u017cliwiamy dotarcie do grup docelowych<\/p>\n","protected":false},"author":1,"featured_media":0,"parent":0,"menu_order":0,"comment_status":"closed","ping_status":"closed","template":"","meta":{"footnotes":""},"class_list":["post-230","page","type-page","status-publish","hentry"],"_links":{"self":[{"href":"https:\/\/www.pi.org.pl\/index.php\/wp-json\/wp\/v2\/pages\/230","targetHints":{"allow":["GET"]}}],"collection":[{"href":"https:\/\/www.pi.org.pl\/index.php\/wp-json\/wp\/v2\/pages"}],"about":[{"href":"https:\/\/www.pi.org.pl\/index.php\/wp-json\/wp\/v2\/types\/page"}],"author":[{"embeddable":true,"href":"https:\/\/www.pi.org.pl\/index.php\/wp-json\/wp\/v2\/users\/1"}],"replies":[{"embeddable":true,"href":"https:\/\/www.pi.org.pl\/index.php\/wp-json\/wp\/v2\/comments?post=230"}],"version-history":[{"count":1,"href":"https:\/\/www.pi.org.pl\/index.php\/wp-json\/wp\/v2\/pages\/230\/revisions"}],"predecessor-version":[{"id":231,"href":"https:\/\/www.pi.org.pl\/index.php\/wp-json\/wp\/v2\/pages\/230\/revisions\/231"}],"wp:attachment":[{"href":"https:\/\/www.pi.org.pl\/index.php\/wp-json\/wp\/v2\/media?parent=230"}],"curies":[{"name":"wp","href":"https:\/\/api.w.org\/{rel}","templated":true}]}}