{"id":226,"date":"2018-08-22T18:57:49","date_gmt":"2018-08-22T18:57:49","guid":{"rendered":"http:\/\/vps199507.ovh.net\/?page_id=226"},"modified":"2018-08-22T18:57:49","modified_gmt":"2018-08-22T18:57:49","slug":"dla-inwestorow","status":"publish","type":"page","link":"https:\/\/www.pi.org.pl\/index.php\/pl\/dla-inwestorow\/","title":{"rendered":"Dla inwestor\u00f3w"},"content":{"rendered":"<p style=\"text-align: justify;\">Poszukiwanie najciekawszych mo\u017cliwo\u015bci inwestycyjnych jest wyzwaniem dla zarz\u0105dzaj\u0105cych funduszami; w czasach dynamicznego rozwoju technologii oraz coraz szybszego wprowadzania na rynek innowacyjnych rozwi\u0105za\u0144 niezb\u0119dne jest szybkie podejmowane trafnych decyzji opartych o rzetelne i sprawdzone informacje.<\/p>\n<p style=\"text-align: justify;\">Identyfikacja podmiot\u00f3w daj\u0105cych perspektyw\u0119 odpowiednich zysk\u00f3w jest kluczowym elementem skutecznego lokowania kapita\u0142u. Ze wzgl\u0119du na ograniczona dost\u0119pno\u015b\u0107 odpowiednich informacji o nowych pomys\u0142ach i przedsi\u0119wzi\u0119ciach cz\u0119sto nie jest to zadanie proste. Platforma Innowacji jest dogodnym narz\u0119dziem nawi\u0105zywania nowych kontakt\u00f3w w innowacyjnym ekosystemie i pozyskania niezb\u0119dnych informacji o potencjalnym partnerze, umo\u017cliwiaj\u0105cych jego rzeteln\u0105 ocen\u0119.<\/p>\n<p style=\"text-align: justify;\">Umo\u017cliwiamy inwestorom dost\u0119p do podmiot\u00f3w poszukuj\u0105cych \u017ar\u00f3de\u0142 finansowania i wsparcia w rozwoju oraz ekspansji rynkowej. Jednocze\u015bnie zapewniamy beneficjentom mo\u017cliwo\u015b\u0107 po\u0142\u0105czenia finansowania za po\u015brednictwem kapita\u0142u prywatnego z dost\u0119pem do \u015brodk\u00f3w ze \u017ar\u00f3de\u0142 publicznych. Ponadto wspieramy inwestor\u00f3w w nawi\u0105zywaniu relacji oko\u0142o biznesowych, przede wszystkim z plac\u00f3wkami naukowymi, kt\u00f3re mog\u0105 wesprze\u0107 efektywno\u015b\u0107 konkretnych inwestycji.<\/p>\n<p style=\"text-align: justify;\">Proponujemy rejestracj\u0119 w naszym systemie iPlatforma i rozpocz\u0119cie poszukiwa\u0144 kolejnych inwestycji. Wspieramy tak\u017ce realizacj\u0119 nietypowych projekt\u00f3w wymagaj\u0105cych specyficznych relacji biznesowych, w szczeg\u00f3lno\u015bci na terenie Szwajcarii i Izraela.<\/p>\n","protected":false},"excerpt":{"rendered":"<p>Poszukiwanie najciekawszych mo\u017cliwo\u015bci inwestycyjnych jest wyzwaniem dla zarz\u0105dzaj\u0105cych funduszami; w czasach dynamicznego rozwoju technologii oraz coraz szybszego wprowadzania na rynek<\/p>\n","protected":false},"author":1,"featured_media":0,"parent":0,"menu_order":0,"comment_status":"closed","ping_status":"closed","template":"","meta":{"footnotes":""},"class_list":["post-226","page","type-page","status-publish","hentry"],"_links":{"self":[{"href":"https:\/\/www.pi.org.pl\/index.php\/wp-json\/wp\/v2\/pages\/226","targetHints":{"allow":["GET"]}}],"collection":[{"href":"https:\/\/www.pi.org.pl\/index.php\/wp-json\/wp\/v2\/pages"}],"about":[{"href":"https:\/\/www.pi.org.pl\/index.php\/wp-json\/wp\/v2\/types\/page"}],"author":[{"embeddable":true,"href":"https:\/\/www.pi.org.pl\/index.php\/wp-json\/wp\/v2\/users\/1"}],"replies":[{"embeddable":true,"href":"https:\/\/www.pi.org.pl\/index.php\/wp-json\/wp\/v2\/comments?post=226"}],"version-history":[{"count":1,"href":"https:\/\/www.pi.org.pl\/index.php\/wp-json\/wp\/v2\/pages\/226\/revisions"}],"predecessor-version":[{"id":227,"href":"https:\/\/www.pi.org.pl\/index.php\/wp-json\/wp\/v2\/pages\/226\/revisions\/227"}],"wp:attachment":[{"href":"https:\/\/www.pi.org.pl\/index.php\/wp-json\/wp\/v2\/media?parent=226"}],"curies":[{"name":"wp","href":"https:\/\/api.w.org\/{rel}","templated":true}]}}