{"id":222,"date":"2018-08-22T18:55:52","date_gmt":"2018-08-22T18:55:52","guid":{"rendered":"http:\/\/vps199507.ovh.net\/?page_id=222"},"modified":"2018-08-22T19:17:36","modified_gmt":"2018-08-22T19:17:36","slug":"dla-biznesu-innowacyjnego","status":"publish","type":"page","link":"https:\/\/www.pi.org.pl\/index.php\/pl\/dla-biznesu-innowacyjnego\/","title":{"rendered":"Dla biznesu innowacyjnego"},"content":{"rendered":"<p style=\"text-align: justify;\">Masz pomys\u0142? Masz zapa\u0142 i \u0142atwo\u015b\u0107 inspiracji otoczenia? Zak\u0142adasz w\u0142asny biznes i potrzebujesz wsparcia? Mo\u017ce odpowiadasz za inkubator przedsi\u0119biorczo\u015bci wi\u0119kszego przedsi\u0119biorstwa i zastanawiasz si\u0119, jak pozwoli\u0107 wypracowanym pomys\u0142om szybciej rosn\u0105\u0107? A mo\u017ce przygotowujesz innowacj\u0119 procesow\u0105 lub produktow\u0105 w wielkiej korporacji?<\/p>\n<p style=\"text-align: justify;\">Platforma Innowacji to miejsce, gdzie znajdziesz pomoc w kluczowych kwestiach dla uruchomienia lub rozwoju Twojego biznesu. Wesprzemy Ci\u0119 w pozyskaniu kapita\u0142u na rozw\u00f3j Twojego biznesu, tak start-up\u2019u, jak i nowego projektu w ramach inkubatora przedsi\u0119biorczo\u015bci lub istniej\u0105cej organizacji. Pomo\u017cemy w nawi\u0105zaniu kontakt\u00f3w w \u015bwiecie biznesu i nauki. U\u0142atwimy pozyskanie wsparcia od podmiot\u00f3w dysponuj\u0105cych \u015brodkami publicznymi.<br \/>\nSkontaktuj si\u0119 z nami w celu om\u00f3wienia szczeg\u00f3\u0142\u00f3w; zarejestruj si\u0119 w naszym systemie iPlatforma \u2013 pokaz sw\u00f3j potencja\u0142.<\/p>\n","protected":false},"excerpt":{"rendered":"<p>Masz pomys\u0142? Masz zapa\u0142 i \u0142atwo\u015b\u0107 inspiracji otoczenia? Zak\u0142adasz w\u0142asny biznes i potrzebujesz wsparcia? Mo\u017ce odpowiadasz za inkubator przedsi\u0119biorczo\u015bci wi\u0119kszego<\/p>\n","protected":false},"author":1,"featured_media":0,"parent":0,"menu_order":0,"comment_status":"closed","ping_status":"closed","template":"","meta":{"footnotes":""},"class_list":["post-222","page","type-page","status-publish","hentry"],"_links":{"self":[{"href":"https:\/\/www.pi.org.pl\/index.php\/wp-json\/wp\/v2\/pages\/222","targetHints":{"allow":["GET"]}}],"collection":[{"href":"https:\/\/www.pi.org.pl\/index.php\/wp-json\/wp\/v2\/pages"}],"about":[{"href":"https:\/\/www.pi.org.pl\/index.php\/wp-json\/wp\/v2\/types\/page"}],"author":[{"embeddable":true,"href":"https:\/\/www.pi.org.pl\/index.php\/wp-json\/wp\/v2\/users\/1"}],"replies":[{"embeddable":true,"href":"https:\/\/www.pi.org.pl\/index.php\/wp-json\/wp\/v2\/comments?post=222"}],"version-history":[{"count":2,"href":"https:\/\/www.pi.org.pl\/index.php\/wp-json\/wp\/v2\/pages\/222\/revisions"}],"predecessor-version":[{"id":245,"href":"https:\/\/www.pi.org.pl\/index.php\/wp-json\/wp\/v2\/pages\/222\/revisions\/245"}],"wp:attachment":[{"href":"https:\/\/www.pi.org.pl\/index.php\/wp-json\/wp\/v2\/media?parent=222"}],"curies":[{"name":"wp","href":"https:\/\/api.w.org\/{rel}","templated":true}]}}