{"id":149,"date":"2018-08-22T14:04:40","date_gmt":"2018-08-22T14:04:40","guid":{"rendered":"http:\/\/vps199507.ovh.net\/?page_id=149"},"modified":"2025-07-17T11:58:34","modified_gmt":"2025-07-17T11:58:34","slug":"eksperci","status":"publish","type":"page","link":"https:\/\/www.pi.org.pl\/index.php\/pl\/eksperci\/","title":{"rendered":"Eksperci"},"content":{"rendered":"<p style=\"text-align: justify;\"><strong>Eliza Perkowska<\/strong><img loading=\"lazy\" decoding=\"async\" class=\" wp-image-209 alignright\" src=\"https:\/\/www.pi.org.pl\/wp-content\/uploads\/2018\/08\/eliza-po-renderingu3-253x300.png\" alt=\"\" width=\"192\" height=\"227\" \/><\/p>\n<p style=\"text-align: justify;\">Absolwentka Wydzia\u0142u Prawa Uniwersytetu Warszawskiego oraz licznych studi\u00f3w podyplomowych w\u00a0obszarze prawa, audytu, ksi\u0119gowo\u015bci, podatk\u00f3w i zarz\u0105dzania.<\/p>\n<p style=\"text-align: justify;\">Posiada wieloletnie do\u015bwiadczenie w administracji rz\u0105dowej w latach 2002-2008 we wdra\u017caniu \u015brodk\u00f3w unijnych w Polsce oraz w udzia\u0142 w procesie legislacyjnym. Ponadto jako audytor w wiod\u0105cej sp\u00f3\u0142ce medialnej dysponuje rozleg\u0142\u0105 wiedz\u0105 w zakresie innowacji procesowej i produktowej.<\/p>\n<p style=\"text-align: justify;\">Biegle zna j\u0119zyki angielski i niemiecki.<\/p>\n<hr \/>\n<p style=\"text-align: justify;\"><strong><img loading=\"lazy\" decoding=\"async\" class=\"wp-image-442 alignleft\" src=\"https:\/\/www.pi.org.pl\/wp-content\/uploads\/2018\/12\/Ola-Polak-3784-1-684x1024.jpg\" alt=\"\" width=\"199\" height=\"298\" srcset=\"https:\/\/www.pi.org.pl\/wp-content\/uploads\/2018\/12\/Ola-Polak-3784-1-684x1024.jpg 684w, https:\/\/www.pi.org.pl\/wp-content\/uploads\/2018\/12\/Ola-Polak-3784-1-200x300.jpg 200w, https:\/\/www.pi.org.pl\/wp-content\/uploads\/2018\/12\/Ola-Polak-3784-1-768x1151.jpg 768w, https:\/\/www.pi.org.pl\/wp-content\/uploads\/2018\/12\/Ola-Polak-3784-1.jpg 801w\" sizes=\"auto, (max-width: 199px) 100vw, 199px\" \/>Aleksandra Polak<\/strong><\/p>\n<p style=\"text-align: justify;\">Absolwentka Wydzia\u0142u Prawa Uniwersytetu Miko\u0142aja Kopernika w Toruniu oraz studi\u00f3w podyplomowych z zakresu Projektowania Us\u0142ug, a tak\u017ce Strategii i Zarz\u0105dzania Ryzykiem.<\/p>\n<p style=\"text-align: justify;\">Ola jest ekspertem w zakresie strategii i innowacji, z 10-letnim do\u015bwiadczeniem w bran\u017cy reklamowej i medialnej. Jej wiedza i do\u015bwiadczenie korporacyjne obejmuje najwi\u0119kszych polskich wydawc\u00f3w internetowych oraz Google. W latach 2014-2018 rozwija\u0142a i zarz\u0105dza\u0142a relacjami Google z wydawcami i broadcasterami z regionu Europy \u015arodkowo-Wschodniej, od budowania relacji biznesowych po kompleksowe implementacje adtechowe (w tym adserwery, platformy programatyczne, dystrybucj\u0119 tre\u015bci wideo).<\/p>\n<p>Cz\u0119sto podr\u00f3\u017cuje do Azji i Afryki. P\u0142ynnie pos\u0142uguje si\u0119 j\u0119zykiem angielskim.<\/p>\n","protected":false},"excerpt":{"rendered":"<p>Eliza Perkowska Absolwentka Wydzia\u0142u Prawa Uniwersytetu Warszawskiego oraz licznych studi\u00f3w podyplomowych w\u00a0obszarze prawa, audytu, ksi\u0119gowo\u015bci, podatk\u00f3w i zarz\u0105dzania. Posiada wieloletnie<\/p>\n","protected":false},"author":1,"featured_media":0,"parent":0,"menu_order":0,"comment_status":"closed","ping_status":"closed","template":"","meta":{"footnotes":""},"class_list":["post-149","page","type-page","status-publish","hentry"],"_links":{"self":[{"href":"https:\/\/www.pi.org.pl\/index.php\/wp-json\/wp\/v2\/pages\/149","targetHints":{"allow":["GET"]}}],"collection":[{"href":"https:\/\/www.pi.org.pl\/index.php\/wp-json\/wp\/v2\/pages"}],"about":[{"href":"https:\/\/www.pi.org.pl\/index.php\/wp-json\/wp\/v2\/types\/page"}],"author":[{"embeddable":true,"href":"https:\/\/www.pi.org.pl\/index.php\/wp-json\/wp\/v2\/users\/1"}],"replies":[{"embeddable":true,"href":"https:\/\/www.pi.org.pl\/index.php\/wp-json\/wp\/v2\/comments?post=149"}],"version-history":[{"count":7,"href":"https:\/\/www.pi.org.pl\/index.php\/wp-json\/wp\/v2\/pages\/149\/revisions"}],"predecessor-version":[{"id":546,"href":"https:\/\/www.pi.org.pl\/index.php\/wp-json\/wp\/v2\/pages\/149\/revisions\/546"}],"wp:attachment":[{"href":"https:\/\/www.pi.org.pl\/index.php\/wp-json\/wp\/v2\/media?parent=149"}],"curies":[{"name":"wp","href":"https:\/\/api.w.org\/{rel}","templated":true}]}}